{"id":11,"date":"2021-01-20T14:40:45","date_gmt":"2021-01-20T14:40:45","guid":{"rendered":"https:\/\/oursweettrip.com.br\/?page_id=11"},"modified":"2021-10-16T11:19:19","modified_gmt":"2021-10-16T11:19:19","slug":"inicio","status":"publish","type":"page","link":"https:\/\/oursweettrip.com.br\/en\/","title":{"rendered":"HOME"},"content":{"rendered":"<div data-elementor-type=\"wp-page\" data-elementor-id=\"11\" class=\"elementor elementor-11\">\n\t\t\t\t\t\t<div class=\"elementor-inner\">\n\t\t\t\t<div class=\"elementor-section-wrap\">\n\t\t\t\t\t\t\t\t\t<section class=\"elementor-section elementor-top-section elementor-element elementor-element-8fbfc58 elementor-section-boxed elementor-section-height-default elementor-section-height-default\" data-id=\"8fbfc58\" data-element_type=\"section\">\n\t\t\t\t\t\t<div class=\"elementor-container elementor-column-gap-default\">\n\t\t\t\t\t\t\t<div class=\"elementor-row\">\n\t\t\t\t\t<div class=\"elementor-column elementor-col-100 elementor-top-column elementor-element elementor-element-42892ee\" data-id=\"42892ee\" data-element_type=\"column\">\n\t\t\t<div class=\"elementor-column-wrap elementor-element-populated\">\n\t\t\t\t\t\t\t<div class=\"elementor-widget-wrap\">\n\t\t\t\t\t\t<div class=\"elementor-element elementor-element-d8fb482 elementor-widget elementor-widget-html\" data-id=\"d8fb482\" data-element_type=\"widget\" data-widget_type=\"html.default\">\n\t\t\t\t<div class=\"elementor-widget-container\">\n\t\t\t<!-- Begin Mailchimp Signup Form -->\r\n<link href=\"\/\/cdn-images.mailchimp.com\/embedcode\/horizontal-slim-10_7.css\" rel=\"stylesheet\" type=\"text\/css\">\r\n<style type=\"text\/css\">\r\n\t#mc_embed_signup{background:#fff; clear:left; font:14px Helvetica,Arial,sans-serif; width:100%;}\r\n\t\/* Add your own Mailchimp form style overrides in your site stylesheet or in this style block.\r\n\t   We recommend moving this block and the preceding CSS link to the HEAD of your HTML file. *\/\r\n<\/style>\r\n<div id=\"mc_embed_signup\">\r\n<form action=\"https:\/\/oursweettrip.us1.list-manage.com\/subscribe\/post?u=782901222c6fd13727ede919c&amp;id=ccade2d8ee\" method=\"post\" id=\"mc-embedded-subscribe-form\" name=\"mc-embedded-subscribe-form\" class=\"validate\" target=\"_blank\" novalidate>\r\n    <div id=\"mc_embed_signup_scroll\">\r\n\t<label for=\"mce-EMAIL\">Receive our news first hand!<\/label>\r\n\t<input type=\"email\" value=\"\" name=\"EMAIL\" class=\"email\" id=\"mce-EMAIL\" placeholder=\"WHAT IS YOUR EMAIL?\" required>\r\n    <!-- real people should not fill this in and expect good things - do not remove this or risk form bot signups-->\r\n    <div style=\"position: absolute; left: -5000px;\" aria-hidden=\"true\"><input type=\"text\" name=\"b_782901222c6fd13727ede919c_ccade2d8ee\" tabindex=\"-1\" value=\"\"><\/div>\r\n    <div class=\"clear\"><input type=\"submit\" value=\"RECEIVE\" name=\"subscribe\" id=\"mc-embedded-subscribe\" class=\"button\"><\/div>\r\n    <\/div>\r\n<\/form>\r\n<\/div>\r\n\r\n<!--End mc_embed_signup-->\t\t<\/div>\n\t\t\t\t<\/div>\n\t\t\t\t\t\t<\/div>\n\t\t\t\t\t<\/div>\n\t\t<\/div>\n\t\t\t\t\t\t\t\t<\/div>\n\t\t\t\t\t<\/div>\n\t\t<\/section>\n\t\t\t\t<section class=\"elementor-section elementor-top-section elementor-element elementor-element-3cf776ac elementor-section-boxed elementor-section-height-default elementor-section-height-default\" data-id=\"3cf776ac\" data-element_type=\"section\" data-settings=\"{&quot;background_background&quot;:&quot;classic&quot;}\">\n\t\t\t\t\t\t\t<div class=\"elementor-background-overlay\"><\/div>\n\t\t\t\t\t\t\t<div class=\"elementor-container elementor-column-gap-default\">\n\t\t\t\t\t\t\t<div class=\"elementor-row\">\n\t\t\t\t\t<div class=\"elementor-column elementor-col-100 elementor-top-column elementor-element elementor-element-73a4b2a3\" data-id=\"73a4b2a3\" data-element_type=\"column\">\n\t\t\t<div class=\"elementor-column-wrap elementor-element-populated\">\n\t\t\t\t\t\t\t<div class=\"elementor-widget-wrap\">\n\t\t\t\t\t\t<div class=\"elementor-element elementor-element-127bfb1e elementor-widget elementor-widget-heading\" data-id=\"127bfb1e\" data-element_type=\"widget\" data-widget_type=\"heading.default\">\n\t\t\t\t<div class=\"elementor-widget-container\">\n\t\t\t<h2 class=\"elementor-heading-title elementor-size-large\">Maldives Islands<\/h2>\t\t<\/div>\n\t\t\t\t<\/div>\n\t\t\t\t<div class=\"elementor-element elementor-element-1468802f elementor-widget elementor-widget-heading\" data-id=\"1468802f\" data-element_type=\"widget\" data-widget_type=\"heading.default\">\n\t\t\t\t<div class=\"elementor-widget-container\">\n\t\t\t<p class=\"elementor-heading-title elementor-size-medium\">Find out how to fulfill your dream of getting to know Maldives without spend too much money! Discover all the best strategies to make your dream trip, saving up to 67% of the market value!!<\/p>\t\t<\/div>\n\t\t\t\t<\/div>\n\t\t\t\t<div class=\"elementor-element elementor-element-1823fd7f elementor-widget elementor-widget-button\" data-id=\"1823fd7f\" data-element_type=\"widget\" data-widget_type=\"button.default\">\n\t\t\t\t<div class=\"elementor-widget-container\">\n\t\t\t\t\t<div class=\"elementor-button-wrapper\">\n\t\t\t<a href=\"http:\/\/bit.ly\/comoirbaratopraMaldivas\" class=\"elementor-button-link elementor-button elementor-size-md\" role=\"button\">\n\t\t\t\t\t\t<span class=\"elementor-button-content-wrapper\">\n\t\t\t\t\t\t<span class=\"elementor-button-text\">Click Here<\/span>\n\t\t<\/span>\n\t\t\t\t\t<\/a>\n\t\t<\/div>\n\t\t\t\t<\/div>\n\t\t\t\t<\/div>\n\t\t\t\t\t\t<\/div>\n\t\t\t\t\t<\/div>\n\t\t<\/div>\n\t\t\t\t\t\t\t\t<\/div>\n\t\t\t\t\t<\/div>\n\t\t<\/section>\n\t\t\t\t<section class=\"elementor-section elementor-top-section elementor-element elementor-element-6dec88ea elementor-section-full_width elementor-section-height-full elementor-section-items-stretch elementor-section-content-middle elementor-section-height-default\" data-id=\"6dec88ea\" data-element_type=\"section\" data-settings=\"{&quot;background_background&quot;:&quot;classic&quot;}\">\n\t\t\t\t\t\t\t<div class=\"elementor-background-overlay\"><\/div>\n\t\t\t\t\t\t\t<div class=\"elementor-container elementor-column-gap-default\">\n\t\t\t\t\t\t\t<div class=\"elementor-row\">\n\t\t\t\t\t<div class=\"elementor-column elementor-col-100 elementor-top-column elementor-element elementor-element-72871e3\" data-id=\"72871e3\" data-element_type=\"column\" data-settings=\"{&quot;background_background&quot;:&quot;classic&quot;}\">\n\t\t\t<div class=\"elementor-column-wrap elementor-element-populated\">\n\t\t\t\t\t\t\t<div class=\"elementor-widget-wrap\">\n\t\t\t\t\t\t<div class=\"elementor-element elementor-element-3929f851 elementor-widget elementor-widget-heading\" data-id=\"3929f851\" data-element_type=\"widget\" data-widget_type=\"heading.default\">\n\t\t\t\t<div class=\"elementor-widget-container\">\n\t\t\t<h4 class=\"elementor-heading-title elementor-size-medium\">Dubai's Tour<\/h4>\t\t<\/div>\n\t\t\t\t<\/div>\n\t\t\t\t<div class=\"elementor-element elementor-element-41dccd3c elementor-widget-divider--view-line elementor-widget elementor-widget-divider\" data-id=\"41dccd3c\" data-element_type=\"widget\" data-widget_type=\"divider.default\">\n\t\t\t\t<div class=\"elementor-widget-container\">\n\t\t\t\t\t<div class=\"elementor-divider\">\n\t\t\t<span class=\"elementor-divider-separator\">\n\t\t\t\t\t\t<\/span>\n\t\t<\/div>\n\t\t\t\t<\/div>\n\t\t\t\t<\/div>\n\t\t\t\t<div class=\"elementor-element elementor-element-14ef33b2 elementor-widget elementor-widget-text-editor\" data-id=\"14ef33b2\" data-element_type=\"widget\" data-widget_type=\"text-editor.default\">\n\t\t\t\t<div class=\"elementor-widget-container\">\n\t\t\t\t\t\t\t\t<div class=\"elementor-text-editor elementor-clearfix\">\n\t\t\t\t<p><span style=\"font-weight: 400;\">The Dubai Desert, well known for its incredible dunes and sandboarding fun, is definitely a must-see when planning your trip to this wonderful place. We went to see such natural beauty and share with you all our experience in a single post, click the button below and find out everything you can do there too!<\/span><\/p>\t\t\t\t\t<\/div>\n\t\t\t\t\t\t<\/div>\n\t\t\t\t<\/div>\n\t\t\t\t<div class=\"elementor-element elementor-element-1ab1bc69 elementor-widget elementor-widget-button\" data-id=\"1ab1bc69\" data-element_type=\"widget\" data-widget_type=\"button.default\">\n\t\t\t\t<div class=\"elementor-widget-container\">\n\t\t\t\t\t<div class=\"elementor-button-wrapper\">\n\t\t\t<a href=\"https:\/\/oursweettrip.com.br\/en\/deserto-de-dubai-nossas-experiencias\/\" class=\"elementor-button-link elementor-button elementor-size-sm\" role=\"button\">\n\t\t\t\t\t\t<span class=\"elementor-button-content-wrapper\">\n\t\t\t\t\t\t\t<span class=\"elementor-button-icon elementor-align-icon-right\">\n\t\t\t\t<i aria-hidden=\"true\" class=\"fas fa-angle-right\"><\/i>\t\t\t<\/span>\n\t\t\t\t\t\t<span class=\"elementor-button-text\">See Our Tips<\/span>\n\t\t<\/span>\n\t\t\t\t\t<\/a>\n\t\t<\/div>\n\t\t\t\t<\/div>\n\t\t\t\t<\/div>\n\t\t\t\t\t\t<\/div>\n\t\t\t\t\t<\/div>\n\t\t<\/div>\n\t\t\t\t\t\t\t\t<\/div>\n\t\t\t\t\t<\/div>\n\t\t<\/section>\n\t\t\t\t<section class=\"elementor-section elementor-top-section elementor-element elementor-element-370cbaab elementor-section-height-full elementor-section-content-middle elementor-reverse-mobile elementor-section-boxed elementor-section-height-default elementor-section-items-middle\" data-id=\"370cbaab\" data-element_type=\"section\">\n\t\t\t\t\t\t<div class=\"elementor-container elementor-column-gap-default\">\n\t\t\t\t\t\t\t<div class=\"elementor-row\">\n\t\t\t\t\t<div class=\"elementor-column elementor-col-50 elementor-top-column elementor-element elementor-element-4677f23e\" data-id=\"4677f23e\" data-element_type=\"column\">\n\t\t\t<div class=\"elementor-column-wrap elementor-element-populated\">\n\t\t\t\t\t\t\t<div class=\"elementor-widget-wrap\">\n\t\t\t\t\t\t<div class=\"elementor-element elementor-element-326b07ce elementor-widget elementor-widget-heading\" data-id=\"326b07ce\" data-element_type=\"widget\" data-widget_type=\"heading.default\">\n\t\t\t\t<div class=\"elementor-widget-container\">\n\t\t\t<h3 class=\"elementor-heading-title elementor-size-large\">Hello.<\/h3>\t\t<\/div>\n\t\t\t\t<\/div>\n\t\t\t\t<div class=\"elementor-element elementor-element-639d313d elementor-widget elementor-widget-text-editor\" data-id=\"639d313d\" data-element_type=\"widget\" data-widget_type=\"text-editor.default\">\n\t\t\t\t<div class=\"elementor-widget-container\">\n\t\t\t\t\t\t\t\t<div class=\"elementor-text-editor elementor-clearfix\">\n\t\t\t\t<p><span style=\"font-weight: 400;\">How are you? Everything is beautiful around here too, do you already know us? Not yet? Click on this button below right now and join our Traveling World too! I wait for you there! <\/span><\/p>\t\t\t\t\t<\/div>\n\t\t\t\t\t\t<\/div>\n\t\t\t\t<\/div>\n\t\t\t\t<div class=\"elementor-element elementor-element-6c110aae elementor-widget elementor-widget-button\" data-id=\"6c110aae\" data-element_type=\"widget\" data-widget_type=\"button.default\">\n\t\t\t\t<div class=\"elementor-widget-container\">\n\t\t\t\t\t<div class=\"elementor-button-wrapper\">\n\t\t\t<a href=\"#\" class=\"elementor-button-link elementor-button elementor-size-sm\" role=\"button\">\n\t\t\t\t\t\t<span class=\"elementor-button-content-wrapper\">\n\t\t\t\t\t\t\t<span class=\"elementor-button-icon elementor-align-icon-right\">\n\t\t\t\t<i aria-hidden=\"true\" class=\"fas fa-angle-right\"><\/i>\t\t\t<\/span>\n\t\t\t\t\t\t<span class=\"elementor-button-text\">Let's Meet<\/span>\n\t\t<\/span>\n\t\t\t\t\t<\/a>\n\t\t<\/div>\n\t\t\t\t<\/div>\n\t\t\t\t<\/div>\n\t\t\t\t\t\t<\/div>\n\t\t\t\t\t<\/div>\n\t\t<\/div>\n\t\t\t\t<div class=\"elementor-column elementor-col-50 elementor-top-column elementor-element elementor-element-2d964b43\" data-id=\"2d964b43\" data-element_type=\"column\">\n\t\t\t<div class=\"elementor-column-wrap elementor-element-populated\">\n\t\t\t\t\t\t\t<div class=\"elementor-widget-wrap\">\n\t\t\t\t\t\t<div class=\"elementor-element elementor-element-0299df9 elementor-aspect-ratio-169 elementor-widget elementor-widget-video\" data-id=\"0299df9\" data-element_type=\"widget\" data-settings=\"{&quot;youtube_url&quot;:&quot;https:\\\/\\\/www.youtube.com\\\/watch?v=A2QAxpUURxs&amp;t=45s&amp;ab_channel=OurSweetTrip&quot;,&quot;video_type&quot;:&quot;youtube&quot;,&quot;controls&quot;:&quot;yes&quot;,&quot;aspect_ratio&quot;:&quot;169&quot;}\" data-widget_type=\"video.default\">\n\t\t\t\t<div class=\"elementor-widget-container\">\n\t\t\t\t\t<div class=\"elementor-wrapper elementor-fit-aspect-ratio elementor-open-inline\">\n\t\t\t<div class=\"elementor-video\"><\/div>\t\t<\/div>\n\t\t\t\t<\/div>\n\t\t\t\t<\/div>\n\t\t\t\t\t\t<\/div>\n\t\t\t\t\t<\/div>\n\t\t<\/div>\n\t\t\t\t\t\t\t\t<\/div>\n\t\t\t\t\t<\/div>\n\t\t<\/section>\n\t\t\t\t<section class=\"elementor-section elementor-top-section elementor-element elementor-element-825e769 elementor-section-boxed elementor-section-height-default elementor-section-height-default\" data-id=\"825e769\" data-element_type=\"section\">\n\t\t\t\t\t\t<div class=\"elementor-container elementor-column-gap-default\">\n\t\t\t\t\t\t\t<div class=\"elementor-row\">\n\t\t\t\t\t<div class=\"elementor-column elementor-col-100 elementor-top-column elementor-element elementor-element-20c97ba\" data-id=\"20c97ba\" data-element_type=\"column\">\n\t\t\t<div class=\"elementor-column-wrap elementor-element-populated\">\n\t\t\t\t\t\t\t<div class=\"elementor-widget-wrap\">\n\t\t\t\t\t\t<div class=\"elementor-element elementor-element-da5cd0f elementor-widget elementor-widget-html\" data-id=\"da5cd0f\" data-element_type=\"widget\" data-widget_type=\"html.default\">\n\t\t\t\t<div class=\"elementor-widget-container\">\n\t\t\t<!-- Begin Mailchimp Signup Form -->\r\n<link href=\"\/\/cdn-images.mailchimp.com\/embedcode\/horizontal-slim-10_7.css\" rel=\"stylesheet\" type=\"text\/css\">\r\n<style type=\"text\/css\">\r\n\t#mc_embed_signup{background:#fff; clear:left; font:14px Helvetica,Arial,sans-serif; width:100%;}\r\n\t\/* Add your own Mailchimp form style overrides in your site stylesheet or in this style block.\r\n\t   We recommend moving this block and the preceding CSS link to the HEAD of your HTML file. *\/\r\n<\/style>\r\n<div id=\"mc_embed_signup\">\r\n<form action=\"https:\/\/oursweettrip.us1.list-manage.com\/subscribe\/post?u=782901222c6fd13727ede919c&amp;id=ccade2d8ee\" method=\"post\" id=\"mc-embedded-subscribe-form\" name=\"mc-embedded-subscribe-form\" class=\"validate\" target=\"_blank\" novalidate>\r\n    <div id=\"mc_embed_signup_scroll\">\r\n\t<label for=\"mce-EMAIL\">Receive our news first hand!<\/label>\r\n\t<input type=\"email\" value=\"\" name=\"EMAIL\" class=\"email\" id=\"mce-EMAIL\" placeholder=\"WHAT IS YOUR EMAIL?\" required>\r\n    <!-- real people should not fill this in and expect good things - do not remove this or risk form bot signups-->\r\n    <div style=\"position: absolute; left: -5000px;\" aria-hidden=\"true\"><input type=\"text\" name=\"b_782901222c6fd13727ede919c_ccade2d8ee\" tabindex=\"-1\" value=\"\"><\/div>\r\n    <div class=\"clear\"><input type=\"submit\" value=\"RECEIVE\" name=\"subscribe\" id=\"mc-embedded-subscribe\" class=\"button\"><\/div>\r\n    <\/div>\r\n<\/form>\r\n<\/div>\r\n\r\n<!--End mc_embed_signup-->\t\t<\/div>\n\t\t\t\t<\/div>\n\t\t\t\t\t\t<\/div>\n\t\t\t\t\t<\/div>\n\t\t<\/div>\n\t\t\t\t\t\t\t\t<\/div>\n\t\t\t\t\t<\/div>\n\t\t<\/section>\n\t\t\t\t\t\t\t\t\t<\/div>\n\t\t\t<\/div>\n\t\t\t\t\t<\/div>","protected":false},"excerpt":{"rendered":"<p>Receba as nossas novidades em primeira m\u00e3o! Ilhas Maldivas Saiba como realizar o seu sonho de conhecer Maldivas gastando pouco! Conhe\u00e7a todas as melhores Estrat\u00e9gias para realizar a sua viagem dos sonhos economizando at\u00e9 67% do valor de mercado!! Clique aqui Dubai&#8217;s Tour O Deserto de Dubai, muito conhecido pelas suas incr\u00edveis dunas e divers\u00e3o em sandboard, com certeza \u00e9 um passeio que n\u00e3o pode faltar no seu planejamento de ida a esse lugar maravilhoso. N\u00f3s fomos conferir a tamanha beleza natural e compartilhamos com voc\u00ea toda a nossa experi\u00eancia em um \u00fanico post, clica no bot\u00e3o abaixo e saiba tudo o que voc\u00ea tamb\u00e9m pode fazer por l\u00e1! Veja Nossas Dicas Hello. Tudo bem com voc\u00ea? Por aqui est\u00e1 tudo lindo tamb\u00e9m, voc\u00ea j\u00e1 conhece a gente? Ainda n\u00e3o? Como assim? Clica nesse bot\u00e3o abaixo agora mesmo e venha fazer parte do nosso Mundo Viajante tamb\u00e9m! Espero voc\u00ea l\u00e1! Let&#8217;s Meet Receba as nossas novidades em primeira m\u00e3o!<\/p>","protected":false},"author":1,"featured_media":0,"parent":0,"menu_order":0,"comment_status":"closed","ping_status":"closed","template":"elementor_header_footer","meta":{"_joinchat":[],"footnotes":""},"class_list":["post-11","page","type-page","status-publish","hentry"],"yoast_head":"<!-- This site is optimized with the Yoast SEO Premium plugin v19.7 (Yoast SEO v24.9) - https:\/\/yoast.com\/wordpress\/plugins\/seo\/ -->\n<title>IN\u00cdCIO - Our Sweet Trip<\/title>\n<meta name=\"robots\" content=\"index, follow, max-snippet:-1, max-image-preview:large, max-video-preview:-1\" \/>\n<link rel=\"canonical\" href=\"https:\/\/oursweettrip.com.br\/en\/\" \/>\n<meta property=\"og:locale\" content=\"en_GB\" \/>\n<meta property=\"og:type\" content=\"article\" \/>\n<meta property=\"og:title\" content=\"IN\u00cdCIO\" \/>\n<meta property=\"og:description\" content=\"Receba as nossas novidades em primeira m\u00e3o! Ilhas Maldivas Saiba como realizar o seu sonho de conhecer Maldivas gastando pouco! Conhe\u00e7a todas as melhores Estrat\u00e9gias para realizar a sua viagem dos sonhos economizando at\u00e9 67% do valor de mercado!! Clique aqui Dubai&#8217;s Tour O Deserto de Dubai, muito conhecido pelas suas incr\u00edveis dunas e divers\u00e3o em sandboard, com certeza \u00e9 um passeio que n\u00e3o pode faltar no seu planejamento de ida a esse lugar maravilhoso. N\u00f3s fomos conferir a tamanha beleza natural e compartilhamos com voc\u00ea toda a nossa experi\u00eancia em um \u00fanico post, clica no bot\u00e3o abaixo e saiba tudo o que voc\u00ea tamb\u00e9m pode fazer por l\u00e1! Veja Nossas Dicas Hello. Tudo bem com voc\u00ea? Por aqui est\u00e1 tudo lindo tamb\u00e9m, voc\u00ea j\u00e1 conhece a gente? Ainda n\u00e3o? Como assim? Clica nesse bot\u00e3o abaixo agora mesmo e venha fazer parte do nosso Mundo Viajante tamb\u00e9m! Espero voc\u00ea l\u00e1! Let&#8217;s Meet Receba as nossas novidades em primeira m\u00e3o!\" \/>\n<meta property=\"og:url\" content=\"https:\/\/oursweettrip.com.br\/en\/\" \/>\n<meta property=\"og:site_name\" content=\"Our Sweet Trip\" \/>\n<meta property=\"article:publisher\" content=\"https:\/\/www.facebook.com\/oursweettrip\" \/>\n<meta property=\"article:modified_time\" content=\"2021-10-16T11:19:19+00:00\" \/>\n<meta name=\"twitter:card\" content=\"summary_large_image\" \/>\n<meta name=\"twitter:label1\" content=\"Estimated reading time\" \/>\n\t<meta name=\"twitter:data1\" content=\"1 minute\" \/>\n<script type=\"application\/ld+json\" class=\"yoast-schema-graph\">{\"@context\":\"https:\/\/schema.org\",\"@graph\":[{\"@type\":\"WebPage\",\"@id\":\"https:\/\/oursweettrip.com.br\/\",\"url\":\"https:\/\/oursweettrip.com.br\/\",\"name\":\"IN\u00cdCIO - Our Sweet Trip\",\"isPartOf\":{\"@id\":\"https:\/\/oursweettrip.com.br\/#website\"},\"datePublished\":\"2021-01-20T14:40:45+00:00\",\"dateModified\":\"2021-10-16T11:19:19+00:00\",\"breadcrumb\":{\"@id\":\"https:\/\/oursweettrip.com.br\/#breadcrumb\"},\"inLanguage\":\"en-GB\",\"potentialAction\":[{\"@type\":\"ReadAction\",\"target\":[\"https:\/\/oursweettrip.com.br\/\"]}]},{\"@type\":\"BreadcrumbList\",\"@id\":\"https:\/\/oursweettrip.com.br\/#breadcrumb\",\"itemListElement\":[{\"@type\":\"ListItem\",\"position\":1,\"name\":\"In\u00edcio\",\"item\":\"https:\/\/oursweettrip.com.br\/\"},{\"@type\":\"ListItem\",\"position\":2,\"name\":\"IN\u00cdCIO\"}]},{\"@type\":\"WebSite\",\"@id\":\"https:\/\/oursweettrip.com.br\/#website\",\"url\":\"https:\/\/oursweettrip.com.br\/\",\"name\":\"Our Sweet Trip\",\"description\":\"Suporte e Dicas de Viagem, SEJA PRO!\",\"publisher\":{\"@id\":\"https:\/\/oursweettrip.com.br\/#organization\"},\"potentialAction\":[{\"@type\":\"SearchAction\",\"target\":{\"@type\":\"EntryPoint\",\"urlTemplate\":\"https:\/\/oursweettrip.com.br\/?s={search_term_string}\"},\"query-input\":{\"@type\":\"PropertyValueSpecification\",\"valueRequired\":true,\"valueName\":\"search_term_string\"}}],\"inLanguage\":\"en-GB\"},{\"@type\":\"Organization\",\"@id\":\"https:\/\/oursweettrip.com.br\/#organization\",\"name\":\"Our Sweet Trip\",\"url\":\"https:\/\/oursweettrip.com.br\/\",\"logo\":{\"@type\":\"ImageObject\",\"inLanguage\":\"en-GB\",\"@id\":\"https:\/\/oursweettrip.com.br\/#\/schema\/logo\/image\/\",\"url\":\"https:\/\/oursweettrip.com.br\/wp-content\/uploads\/2021\/01\/logo-oursweettrip-viagens.png\",\"contentUrl\":\"https:\/\/oursweettrip.com.br\/wp-content\/uploads\/2021\/01\/logo-oursweettrip-viagens.png\",\"width\":420,\"height\":130,\"caption\":\"Our Sweet Trip\"},\"image\":{\"@id\":\"https:\/\/oursweettrip.com.br\/#\/schema\/logo\/image\/\"},\"sameAs\":[\"https:\/\/www.facebook.com\/oursweettrip\",\"https:\/\/www.instagram.com\/oursweettrip\",\"https:\/\/www.youtube.com\/c\/OurSweetTrip\",\"https:\/\/www.pinterest.co.uk\/oursweettrip\"]}]}<\/script>\n<!-- \/ Yoast SEO Premium plugin. -->","yoast_head_json":{"title":"IN\u00cdCIO - Our Sweet Trip","robots":{"index":"index","follow":"follow","max-snippet":"max-snippet:-1","max-image-preview":"max-image-preview:large","max-video-preview":"max-video-preview:-1"},"canonical":"https:\/\/oursweettrip.com.br\/en\/","og_locale":"en_GB","og_type":"article","og_title":"IN\u00cdCIO","og_description":"Receba as nossas novidades em primeira m\u00e3o! Ilhas Maldivas Saiba como realizar o seu sonho de conhecer Maldivas gastando pouco! Conhe\u00e7a todas as melhores Estrat\u00e9gias para realizar a sua viagem dos sonhos economizando at\u00e9 67% do valor de mercado!! Clique aqui Dubai&#8217;s Tour O Deserto de Dubai, muito conhecido pelas suas incr\u00edveis dunas e divers\u00e3o em sandboard, com certeza \u00e9 um passeio que n\u00e3o pode faltar no seu planejamento de ida a esse lugar maravilhoso. N\u00f3s fomos conferir a tamanha beleza natural e compartilhamos com voc\u00ea toda a nossa experi\u00eancia em um \u00fanico post, clica no bot\u00e3o abaixo e saiba tudo o que voc\u00ea tamb\u00e9m pode fazer por l\u00e1! Veja Nossas Dicas Hello. Tudo bem com voc\u00ea? Por aqui est\u00e1 tudo lindo tamb\u00e9m, voc\u00ea j\u00e1 conhece a gente? Ainda n\u00e3o? Como assim? Clica nesse bot\u00e3o abaixo agora mesmo e venha fazer parte do nosso Mundo Viajante tamb\u00e9m! Espero voc\u00ea l\u00e1! Let&#8217;s Meet Receba as nossas novidades em primeira m\u00e3o!","og_url":"https:\/\/oursweettrip.com.br\/en\/","og_site_name":"Our Sweet Trip","article_publisher":"https:\/\/www.facebook.com\/oursweettrip","article_modified_time":"2021-10-16T11:19:19+00:00","twitter_card":"summary_large_image","twitter_misc":{"Estimated reading time":"1 minute"},"schema":{"@context":"https:\/\/schema.org","@graph":[{"@type":"WebPage","@id":"https:\/\/oursweettrip.com.br\/","url":"https:\/\/oursweettrip.com.br\/","name":"IN\u00cdCIO - Our Sweet Trip","isPartOf":{"@id":"https:\/\/oursweettrip.com.br\/#website"},"datePublished":"2021-01-20T14:40:45+00:00","dateModified":"2021-10-16T11:19:19+00:00","breadcrumb":{"@id":"https:\/\/oursweettrip.com.br\/#breadcrumb"},"inLanguage":"en-GB","potentialAction":[{"@type":"ReadAction","target":["https:\/\/oursweettrip.com.br\/"]}]},{"@type":"BreadcrumbList","@id":"https:\/\/oursweettrip.com.br\/#breadcrumb","itemListElement":[{"@type":"ListItem","position":1,"name":"In\u00edcio","item":"https:\/\/oursweettrip.com.br\/"},{"@type":"ListItem","position":2,"name":"IN\u00cdCIO"}]},{"@type":"WebSite","@id":"https:\/\/oursweettrip.com.br\/#website","url":"https:\/\/oursweettrip.com.br\/","name":"Our Sweet Trip","description":"Support and Travels Tips, BE A PRO!","publisher":{"@id":"https:\/\/oursweettrip.com.br\/#organization"},"potentialAction":[{"@type":"SearchAction","target":{"@type":"EntryPoint","urlTemplate":"https:\/\/oursweettrip.com.br\/?s={search_term_string}"},"query-input":{"@type":"PropertyValueSpecification","valueRequired":true,"valueName":"search_term_string"}}],"inLanguage":"en-GB"},{"@type":"Organization","@id":"https:\/\/oursweettrip.com.br\/#organization","name":"Our Sweet Trip","url":"https:\/\/oursweettrip.com.br\/","logo":{"@type":"ImageObject","inLanguage":"en-GB","@id":"https:\/\/oursweettrip.com.br\/#\/schema\/logo\/image\/","url":"https:\/\/oursweettrip.com.br\/wp-content\/uploads\/2021\/01\/logo-oursweettrip-viagens.png","contentUrl":"https:\/\/oursweettrip.com.br\/wp-content\/uploads\/2021\/01\/logo-oursweettrip-viagens.png","width":420,"height":130,"caption":"Our Sweet Trip"},"image":{"@id":"https:\/\/oursweettrip.com.br\/#\/schema\/logo\/image\/"},"sameAs":["https:\/\/www.facebook.com\/oursweettrip","https:\/\/www.instagram.com\/oursweettrip","https:\/\/www.youtube.com\/c\/OurSweetTrip","https:\/\/www.pinterest.co.uk\/oursweettrip"]}]}},"acf":[],"_links":{"self":[{"href":"https:\/\/oursweettrip.com.br\/en\/wp-json\/wp\/v2\/pages\/11","targetHints":{"allow":["GET"]}}],"collection":[{"href":"https:\/\/oursweettrip.com.br\/en\/wp-json\/wp\/v2\/pages"}],"about":[{"href":"https:\/\/oursweettrip.com.br\/en\/wp-json\/wp\/v2\/types\/page"}],"author":[{"embeddable":true,"href":"https:\/\/oursweettrip.com.br\/en\/wp-json\/wp\/v2\/users\/1"}],"replies":[{"embeddable":true,"href":"https:\/\/oursweettrip.com.br\/en\/wp-json\/wp\/v2\/comments?post=11"}],"version-history":[{"count":0,"href":"https:\/\/oursweettrip.com.br\/en\/wp-json\/wp\/v2\/pages\/11\/revisions"}],"wp:attachment":[{"href":"https:\/\/oursweettrip.com.br\/en\/wp-json\/wp\/v2\/media?parent=11"}],"curies":[{"name":"wp","href":"https:\/\/api.w.org\/{rel}","templated":true}]}}